{"id":1185,"date":"2020-11-26T16:05:40","date_gmt":"2020-11-26T15:05:40","guid":{"rendered":"https:\/\/miroiterieleys.be\/vervangingen\/garde-corps\/"},"modified":"2021-01-19T13:22:14","modified_gmt":"2021-01-19T12:22:14","slug":"borstweringen","status":"publish","type":"page","link":"https:\/\/miroiterieleys.be\/nl\/vervangingen\/borstweringen\/","title":{"rendered":"Borstweringen"},"content":{"rendered":"<div class=\"wpb-content-wrapper\"><p>[vc_row section_type=&#8221;fullwidth&#8221; padding_top_multiplier=&#8221;&#8221; padding_bottom_multiplier=&#8221;&#8221; columns_gap=&#8221;none&#8221; margin_bottom=&#8221;0&#8243; el_class=&#8221;title-page&#8221; font_color=&#8221;#ffffff&#8221;][vc_column heading_color=&#8221;light&#8221; css=&#8221;.vc_custom_1608718696224{padding-right: 7em !important;padding-left: 7em !important;background-image: url(https:\/\/miroiterieleys.be\/wp-content\/uploads\/2020\/12\/hero-3-filter-1920&#215;400-1.jpg?id=1096) !important;background-position: center !important;background-repeat: no-repeat !important;background-size: cover !important;}&#8221;]<div class=\"grve-empty-space grve-height-2x desk-space\" style=\"\"><\/div><h2 class=\"grve-element grve-title grve-align-center grve-h1\" style=\"margin-bottom: 0px;\"><span>Borstweringen<\/span><\/h2><div class=\"grve-empty-space grve-height-2x desk-space\" style=\"\"><\/div>[\/vc_column][\/vc_row][vc_row heading_color=&#8221;primary-1&#8243; padding_top_multiplier=&#8221;&#8221; padding_bottom_multiplier=&#8221;&#8221; margin_bottom=&#8221;0&#8243; el_class=&#8221;real-child-about&#8221;][vc_column width=&#8221;1\/4&#8243;][\/vc_column][vc_column width=&#8221;1\/2&#8243;]<div class=\"grve-empty-space grve-height-2x desk-space\" style=\"\"><\/div>[vc_column_text]<\/p>\n<p style=\"text-align: center;\">Een beschadigde of onstabiele borstwering is gevaarlijk en moet snel hersteld worden. Ons team regelt uiteraard alles, van de offerte tot het verwijderen van de beschadigde delen en het plaatsen van de nieuwe.<\/p>\n<p>[\/vc_column_text]<div class=\"grve-empty-space grve-height-2x desk-space\" style=\"\"><\/div>[\/vc_column][vc_column width=&#8221;1\/4&#8243;][\/vc_column][\/vc_row][vc_row heading_color=&#8221;primary-1&#8243; padding_top_multiplier=&#8221;&#8221; margin_bottom=&#8221;0&#8243; el_class=&#8221;real-child-cat&#8221;][vc_column width=&#8221;1\/4&#8243;][\/vc_column][vc_column width=&#8221;1\/2&#8243;]<div class=\"grve-empty-space grve-height-1x desk-space\" style=\"\"><\/div><div class=\"grve-element grve-box-icon grve-small grve-side-icon grve-align-right brown-font\" style=\"\"><a href=\"\/nl\/vervangingen\/#reparatieaanbod-nl\" class=\"custom-btn\"><div class=\"grve-image-icon\"><img decoding=\"async\" width=\"67\" height=\"27\" src=\"https:\/\/miroiterieleys.be\/wp-content\/uploads\/2020\/11\/btn-arrow-icon.png\" class=\"attachment-full size-full\" alt=\"\" \/><\/div><div class=\"grve-box-content\"><div class=\"grve-box-title-wrapper\"><h5 class=\"grve-box-title grve-h5\">offerteaanvraag<\/h5><\/div><\/div><\/a><\/div>[\/vc_column][vc_column width=&#8221;1\/4&#8243;][\/vc_column][\/vc_row][vc_row el_class=&#8221;mark mark-real-child-page mark-right&#8221;][vc_column clipping_animation=&#8221;clipping-up&#8221;]<div class=\"grve-element grve-box-icon grve-small grve-side-icon grve-align-left\" style=\"\"><div class=\"grve-image-icon\"><img decoding=\"async\" width=\"96\" height=\"2\" src=\"https:\/\/miroiterieleys.be\/wp-content\/uploads\/2020\/11\/LF-before-line.png\" class=\"attachment-full size-full\" alt=\"\" \/><\/div><div class=\"grve-box-content\"><div class=\"grve-box-title-wrapper\"><div class=\"grve-box-title grve-subtitle-text\">Borstweringen<\/div><\/div><\/div><\/div>[\/vc_column][\/vc_row][vc_row heading_color=&#8221;primary-2&#8243; section_type=&#8221;fullwidth&#8221; padding_top_multiplier=&#8221;&#8221; padding_bottom_multiplier=&#8221;&#8221; el_class=&#8221;real-child-tab&#8221; margin_bottom=&#8221;0&#8243;][vc_column heading_color=&#8221;primary-2&#8243;]<div class=\"grve-empty-space grve-height-1x desk-space\" style=\"\"><\/div>[vc_tta_tabs alignment=&#8221;center&#8221; active_section=&#8221;1&#8243; heading=&#8221;h5&#8243;][vc_tta_section title=&#8221;Houten borstwering&#8221; tab_id=&#8221;reno-garde-corps-bois&#8221; el_class=&#8221;brown-font&#8221;]<div class=\"grve-empty-space grve-height-1x desk-space\" style=\"\"><\/div>[vc_row_inner][vc_column_inner width=&#8221;1\/6&#8243;][\/vc_column_inner][vc_column_inner width=&#8221;2\/3&#8243;][vc_column_text text_style=&#8221;leader-text&#8221;]<\/p>\n<p style=\"text-align: center;\">Vervanging van een houten borstwering door een glazen borstwering bij een particulier: voor en na.<\/p>\n<p>[\/vc_column_text]<div class=\"grve-empty-space desk-space\" style=\"height: 40px;\"><\/div><div class=\"grve-element grve-gallery grve-isotope grve-gallery-popup grve-with-gap\" style=\"\" data-columns=\"3\" data-columns-large-screen=\"3\" data-columns-tablet-landscape=\"3\" data-columns-tablet-portrait=\"2\" data-columns-mobile=\"1\" data-layout=\"fitRows\" data-gutter-size=\"40\">  <div class=\"grve-isotope-container\"><div class=\"grve-isotope-item grve-hover-item grve-hover-style-none\"><div class=\"grve-isotope-item-inner grve-zoom-in\">  <figure class=\"grve-image-hover grve-zoom-in\">    <a class=\"grve-item-url\" href=\"https:\/\/miroiterieleys.be\/wp-content\/uploads\/2020\/11\/garde-corps-bois-3-900.jpg\" ><\/a>    <div class=\"grve-hover-overlay grve-bg-light grve-opacity-0\"><\/div><div class=\"grve-media\"><img decoding=\"async\" width=\"560\" height=\"560\" src=\"https:\/\/miroiterieleys.be\/wp-content\/uploads\/2020\/11\/garde-corps-bois-3-900-560x560.jpg\" class=\"attachment-movedo-grve-small-square size-movedo-grve-small-square\" alt=\"Miroiterie Leys and Fils - garde-corps bois\" srcset=\"https:\/\/miroiterieleys.be\/wp-content\/uploads\/2020\/11\/garde-corps-bois-3-900-560x560.jpg 560w, https:\/\/miroiterieleys.be\/wp-content\/uploads\/2020\/11\/garde-corps-bois-3-900-150x150.jpg 150w, https:\/\/miroiterieleys.be\/wp-content\/uploads\/2020\/11\/garde-corps-bois-3-900-900x900.jpg 900w\" sizes=\"(max-width: 560px) 100vw, 560px\" \/><\/div>  <\/figure><\/div><\/div><div class=\"grve-isotope-item grve-hover-item grve-hover-style-none\"><div class=\"grve-isotope-item-inner grve-zoom-in\">  <figure class=\"grve-image-hover grve-zoom-in\">    <a class=\"grve-item-url\" href=\"https:\/\/miroiterieleys.be\/wp-content\/uploads\/2020\/11\/garde-corps-bois-4-900.jpg\" ><\/a>    <div class=\"grve-hover-overlay grve-bg-light grve-opacity-0\"><\/div><div class=\"grve-media\"><img decoding=\"async\" width=\"560\" height=\"560\" src=\"https:\/\/miroiterieleys.be\/wp-content\/uploads\/2020\/11\/garde-corps-bois-4-900-560x560.jpg\" class=\"attachment-movedo-grve-small-square size-movedo-grve-small-square\" alt=\"Miroiterie Leys and Fils - garde-corps bois\" srcset=\"https:\/\/miroiterieleys.be\/wp-content\/uploads\/2020\/11\/garde-corps-bois-4-900-560x560.jpg 560w, https:\/\/miroiterieleys.be\/wp-content\/uploads\/2020\/11\/garde-corps-bois-4-900-150x150.jpg 150w, https:\/\/miroiterieleys.be\/wp-content\/uploads\/2020\/11\/garde-corps-bois-4-900-900x900.jpg 900w\" sizes=\"(max-width: 560px) 100vw, 560px\" \/><\/div>  <\/figure><\/div><\/div><div class=\"grve-isotope-item grve-hover-item grve-hover-style-none\"><div class=\"grve-isotope-item-inner grve-zoom-in\">  <figure class=\"grve-image-hover grve-zoom-in\">    <a class=\"grve-item-url\" href=\"https:\/\/miroiterieleys.be\/wp-content\/uploads\/2020\/11\/garde-corps-bois-2-900.jpg\" ><\/a>    <div class=\"grve-hover-overlay grve-bg-light grve-opacity-0\"><\/div><div class=\"grve-media\"><img decoding=\"async\" width=\"560\" height=\"560\" src=\"https:\/\/miroiterieleys.be\/wp-content\/uploads\/2020\/11\/garde-corps-bois-2-900-560x560.jpg\" class=\"attachment-movedo-grve-small-square size-movedo-grve-small-square\" alt=\"Miroiterie Leys and Fils - garde-corps bois\" srcset=\"https:\/\/miroiterieleys.be\/wp-content\/uploads\/2020\/11\/garde-corps-bois-2-900-560x560.jpg 560w, https:\/\/miroiterieleys.be\/wp-content\/uploads\/2020\/11\/garde-corps-bois-2-900-150x150.jpg 150w, https:\/\/miroiterieleys.be\/wp-content\/uploads\/2020\/11\/garde-corps-bois-2-900-675x675.jpg 675w\" sizes=\"(max-width: 560px) 100vw, 560px\" \/><\/div>  <\/figure><\/div><\/div><div class=\"grve-isotope-item grve-hover-item grve-hover-style-none\"><div class=\"grve-isotope-item-inner grve-zoom-in\">  <figure class=\"grve-image-hover grve-zoom-in\">    <a class=\"grve-item-url\" href=\"https:\/\/miroiterieleys.be\/wp-content\/uploads\/2020\/11\/garde-corps-bois-1-900.jpg\" ><\/a>    <div class=\"grve-hover-overlay grve-bg-light grve-opacity-0\"><\/div><div class=\"grve-media\"><img decoding=\"async\" width=\"560\" height=\"560\" src=\"https:\/\/miroiterieleys.be\/wp-content\/uploads\/2020\/11\/garde-corps-bois-1-900-560x560.jpg\" class=\"attachment-movedo-grve-small-square size-movedo-grve-small-square\" alt=\"Miroiterie Leys and Fils - garde-corps bois\" srcset=\"https:\/\/miroiterieleys.be\/wp-content\/uploads\/2020\/11\/garde-corps-bois-1-900-560x560.jpg 560w, https:\/\/miroiterieleys.be\/wp-content\/uploads\/2020\/11\/garde-corps-bois-1-900-150x150.jpg 150w, https:\/\/miroiterieleys.be\/wp-content\/uploads\/2020\/11\/garde-corps-bois-1-900-675x675.jpg 675w\" sizes=\"(max-width: 560px) 100vw, 560px\" \/><\/div>  <\/figure><\/div><\/div><div class=\"grve-isotope-item grve-hover-item grve-hover-style-none\"><div class=\"grve-isotope-item-inner grve-zoom-in\">  <figure class=\"grve-image-hover grve-zoom-in\">    <a class=\"grve-item-url\" href=\"https:\/\/miroiterieleys.be\/wp-content\/uploads\/2020\/11\/garde-corps-bois-900.jpg\" ><\/a>    <div class=\"grve-hover-overlay grve-bg-light grve-opacity-0\"><\/div><div class=\"grve-media\"><img decoding=\"async\" width=\"560\" height=\"560\" src=\"https:\/\/miroiterieleys.be\/wp-content\/uploads\/2020\/11\/garde-corps-bois-900-560x560.jpg\" class=\"attachment-movedo-grve-small-square size-movedo-grve-small-square\" alt=\"Miroiterie Leys and Fils - garde-corps bois\" srcset=\"https:\/\/miroiterieleys.be\/wp-content\/uploads\/2020\/11\/garde-corps-bois-900-560x560.jpg 560w, https:\/\/miroiterieleys.be\/wp-content\/uploads\/2020\/11\/garde-corps-bois-900-150x150.jpg 150w, https:\/\/miroiterieleys.be\/wp-content\/uploads\/2020\/11\/garde-corps-bois-900-675x675.jpg 675w\" sizes=\"(max-width: 560px) 100vw, 560px\" \/><\/div>  <\/figure><\/div><\/div><div class=\"grve-isotope-item grve-hover-item grve-hover-style-none\"><div class=\"grve-isotope-item-inner grve-zoom-in\">  <figure class=\"grve-image-hover grve-zoom-in\">    <a class=\"grve-item-url\" href=\"https:\/\/miroiterieleys.be\/wp-content\/uploads\/2020\/11\/garde-corps-bois-5-900.jpg\" ><\/a>    <div class=\"grve-hover-overlay grve-bg-light grve-opacity-0\"><\/div><div class=\"grve-media\"><img decoding=\"async\" width=\"560\" height=\"560\" src=\"https:\/\/miroiterieleys.be\/wp-content\/uploads\/2020\/11\/garde-corps-bois-5-900-560x560.jpg\" class=\"attachment-movedo-grve-small-square size-movedo-grve-small-square\" alt=\"Miroiterie Leys and Fils - garde-corps bois\" srcset=\"https:\/\/miroiterieleys.be\/wp-content\/uploads\/2020\/11\/garde-corps-bois-5-900-560x560.jpg 560w, https:\/\/miroiterieleys.be\/wp-content\/uploads\/2020\/11\/garde-corps-bois-5-900-150x150.jpg 150w, https:\/\/miroiterieleys.be\/wp-content\/uploads\/2020\/11\/garde-corps-bois-5-900-675x675.jpg 675w\" sizes=\"(max-width: 560px) 100vw, 560px\" \/><\/div>  <\/figure><\/div><\/div>  <\/div><\/div>[\/vc_column_inner][vc_column_inner width=&#8221;1\/6&#8243;][\/vc_column_inner][\/vc_row_inner][\/vc_tta_section][\/vc_tta_tabs]<div class=\"grve-empty-space grve-height-1x desk-space\" style=\"\"><\/div>[\/vc_column][\/vc_row]<\/p>\n<\/div>","protected":false},"excerpt":{"rendered":"<p>[vc_row section_type=&#8221;fullwidth&#8221; padding_top_multiplier=&#8221;&#8221; padding_bottom_multiplier=&#8221;&#8221; columns_gap=&#8221;none&#8221; margin_bottom=&#8221;0&#8243; el_class=&#8221;title-page&#8221; font_color=&#8221;#ffffff&#8221;][vc_column heading_color=&#8221;light&#8221; css=&#8221;.vc_custom_1608718696224{padding-right: 7em !important;padding-left: 7em !important;background-image: url(https:\/\/miroiterieleys.be\/wp-content\/uploads\/2020\/12\/hero-3-filter-1920&#215;400-1.jpg?id=1096) !important;background-position: center !important;background-repeat: no-repeat !important;background-size: cover !important;}&#8221;][\/vc_column][\/vc_row][vc_row heading_color=&#8221;primary-1&#8243; padding_top_multiplier=&#8221;&#8221; padding_bottom_multiplier=&#8221;&#8221; margin_bottom=&#8221;0&#8243; el_class=&#8221;real-child-about&#8221;][vc_column width=&#8221;1\/4&#8243;][\/vc_column][vc_column width=&#8221;1\/2&#8243;][vc_column_text] Een beschadigde of onstabiele borstwering is gevaarlijk en moet snel hersteld worden. Ons team regelt uiteraard alles, van de offerte tot het verwijderen van de beschadigde [&hellip;]<\/p>\n","protected":false},"author":2,"featured_media":0,"parent":1176,"menu_order":0,"comment_status":"closed","ping_status":"closed","template":"","meta":{"footnotes":""},"yoast_head":"<!-- This site is optimized with the Yoast SEO plugin v21.7 - https:\/\/yoast.com\/wordpress\/plugins\/seo\/ -->\n<title>Miroiterie Leys and Fils - Remplacements : garde-corps<\/title>\n<meta name=\"description\" content=\"Quand un garde-corps est endommag\u00e9, ou fragilis\u00e9, est dangereux, et n\u00e9cessite une intervention rapide. Leys and Fils s\u2019occupe de tout.\" \/>\n<meta name=\"robots\" content=\"index, follow, max-snippet:-1, max-image-preview:large, max-video-preview:-1\" \/>\n<link rel=\"canonical\" href=\"https:\/\/miroiterieleys.be\/nl\/vervangingen\/borstweringen\/\" \/>\n<meta property=\"og:locale\" content=\"nl_NL\" \/>\n<meta property=\"og:type\" content=\"article\" \/>\n<meta property=\"og:title\" content=\"Miroiterie Leys and Fils - Remplacements : garde-corps\" \/>\n<meta property=\"og:description\" content=\"Quand un garde-corps est endommag\u00e9, ou fragilis\u00e9, est dangereux, et n\u00e9cessite une intervention rapide. Leys and Fils s\u2019occupe de tout.\" \/>\n<meta property=\"og:url\" content=\"https:\/\/miroiterieleys.be\/nl\/vervangingen\/borstweringen\/\" \/>\n<meta property=\"og:site_name\" content=\"Leys and Fils\" \/>\n<meta property=\"article:modified_time\" content=\"2021-01-19T12:22:14+00:00\" \/>\n<meta name=\"twitter:card\" content=\"summary_large_image\" \/>\n<meta name=\"twitter:label1\" content=\"Geschatte leestijd\" \/>\n\t<meta name=\"twitter:data1\" content=\"2 minuten\" \/>\n<script type=\"application\/ld+json\" class=\"yoast-schema-graph\">{\"@context\":\"https:\/\/schema.org\",\"@graph\":[{\"@type\":\"WebPage\",\"@id\":\"https:\/\/miroiterieleys.be\/nl\/vervangingen\/borstweringen\/\",\"url\":\"https:\/\/miroiterieleys.be\/nl\/vervangingen\/borstweringen\/\",\"name\":\"Miroiterie Leys and Fils - Remplacements : garde-corps\",\"isPartOf\":{\"@id\":\"https:\/\/miroiterieleys.be\/nl\/#website\"},\"datePublished\":\"2020-11-26T15:05:40+00:00\",\"dateModified\":\"2021-01-19T12:22:14+00:00\",\"description\":\"Quand un garde-corps est endommag\u00e9, ou fragilis\u00e9, est dangereux, et n\u00e9cessite une intervention rapide. Leys and Fils s\u2019occupe de tout.\",\"breadcrumb\":{\"@id\":\"https:\/\/miroiterieleys.be\/nl\/vervangingen\/borstweringen\/#breadcrumb\"},\"inLanguage\":\"nl-NL\",\"potentialAction\":[{\"@type\":\"ReadAction\",\"target\":[\"https:\/\/miroiterieleys.be\/nl\/vervangingen\/borstweringen\/\"]}]},{\"@type\":\"BreadcrumbList\",\"@id\":\"https:\/\/miroiterieleys.be\/nl\/vervangingen\/borstweringen\/#breadcrumb\",\"itemListElement\":[{\"@type\":\"ListItem\",\"position\":1,\"name\":\"Accueil\",\"item\":\"https:\/\/miroiterieleys.be\/nl\/\"},{\"@type\":\"ListItem\",\"position\":2,\"name\":\"VERVANGINGEN\",\"item\":\"https:\/\/miroiterieleys.be\/nl\/vervangingen\/\"},{\"@type\":\"ListItem\",\"position\":3,\"name\":\"Borstweringen\"}]},{\"@type\":\"WebSite\",\"@id\":\"https:\/\/miroiterieleys.be\/nl\/#website\",\"url\":\"https:\/\/miroiterieleys.be\/nl\/\",\"name\":\"Leys and Fils\",\"description\":\"MIROITERIE J. LEYS &amp; FILS DEPUIS 1870\",\"potentialAction\":[{\"@type\":\"SearchAction\",\"target\":{\"@type\":\"EntryPoint\",\"urlTemplate\":\"https:\/\/miroiterieleys.be\/nl\/?s={search_term_string}\"},\"query-input\":\"required name=search_term_string\"}],\"inLanguage\":\"nl-NL\"}]}<\/script>\n<!-- \/ Yoast SEO plugin. -->","yoast_head_json":{"title":"Miroiterie Leys and Fils - Remplacements : garde-corps","description":"Quand un garde-corps est endommag\u00e9, ou fragilis\u00e9, est dangereux, et n\u00e9cessite une intervention rapide. Leys and Fils s\u2019occupe de tout.","robots":{"index":"index","follow":"follow","max-snippet":"max-snippet:-1","max-image-preview":"max-image-preview:large","max-video-preview":"max-video-preview:-1"},"canonical":"https:\/\/miroiterieleys.be\/nl\/vervangingen\/borstweringen\/","og_locale":"nl_NL","og_type":"article","og_title":"Miroiterie Leys and Fils - Remplacements : garde-corps","og_description":"Quand un garde-corps est endommag\u00e9, ou fragilis\u00e9, est dangereux, et n\u00e9cessite une intervention rapide. Leys and Fils s\u2019occupe de tout.","og_url":"https:\/\/miroiterieleys.be\/nl\/vervangingen\/borstweringen\/","og_site_name":"Leys and Fils","article_modified_time":"2021-01-19T12:22:14+00:00","twitter_card":"summary_large_image","twitter_misc":{"Geschatte leestijd":"2 minuten"},"schema":{"@context":"https:\/\/schema.org","@graph":[{"@type":"WebPage","@id":"https:\/\/miroiterieleys.be\/nl\/vervangingen\/borstweringen\/","url":"https:\/\/miroiterieleys.be\/nl\/vervangingen\/borstweringen\/","name":"Miroiterie Leys and Fils - Remplacements : garde-corps","isPartOf":{"@id":"https:\/\/miroiterieleys.be\/nl\/#website"},"datePublished":"2020-11-26T15:05:40+00:00","dateModified":"2021-01-19T12:22:14+00:00","description":"Quand un garde-corps est endommag\u00e9, ou fragilis\u00e9, est dangereux, et n\u00e9cessite une intervention rapide. Leys and Fils s\u2019occupe de tout.","breadcrumb":{"@id":"https:\/\/miroiterieleys.be\/nl\/vervangingen\/borstweringen\/#breadcrumb"},"inLanguage":"nl-NL","potentialAction":[{"@type":"ReadAction","target":["https:\/\/miroiterieleys.be\/nl\/vervangingen\/borstweringen\/"]}]},{"@type":"BreadcrumbList","@id":"https:\/\/miroiterieleys.be\/nl\/vervangingen\/borstweringen\/#breadcrumb","itemListElement":[{"@type":"ListItem","position":1,"name":"Accueil","item":"https:\/\/miroiterieleys.be\/nl\/"},{"@type":"ListItem","position":2,"name":"VERVANGINGEN","item":"https:\/\/miroiterieleys.be\/nl\/vervangingen\/"},{"@type":"ListItem","position":3,"name":"Borstweringen"}]},{"@type":"WebSite","@id":"https:\/\/miroiterieleys.be\/nl\/#website","url":"https:\/\/miroiterieleys.be\/nl\/","name":"Leys and Fils","description":"MIROITERIE J. LEYS &amp; FILS DEPUIS 1870","potentialAction":[{"@type":"SearchAction","target":{"@type":"EntryPoint","urlTemplate":"https:\/\/miroiterieleys.be\/nl\/?s={search_term_string}"},"query-input":"required name=search_term_string"}],"inLanguage":"nl-NL"}]}},"_links":{"self":[{"href":"https:\/\/miroiterieleys.be\/nl\/wp-json\/wp\/v2\/pages\/1185"}],"collection":[{"href":"https:\/\/miroiterieleys.be\/nl\/wp-json\/wp\/v2\/pages"}],"about":[{"href":"https:\/\/miroiterieleys.be\/nl\/wp-json\/wp\/v2\/types\/page"}],"author":[{"embeddable":true,"href":"https:\/\/miroiterieleys.be\/nl\/wp-json\/wp\/v2\/users\/2"}],"replies":[{"embeddable":true,"href":"https:\/\/miroiterieleys.be\/nl\/wp-json\/wp\/v2\/comments?post=1185"}],"version-history":[{"count":6,"href":"https:\/\/miroiterieleys.be\/nl\/wp-json\/wp\/v2\/pages\/1185\/revisions"}],"predecessor-version":[{"id":1378,"href":"https:\/\/miroiterieleys.be\/nl\/wp-json\/wp\/v2\/pages\/1185\/revisions\/1378"}],"up":[{"embeddable":true,"href":"https:\/\/miroiterieleys.be\/nl\/wp-json\/wp\/v2\/pages\/1176"}],"wp:attachment":[{"href":"https:\/\/miroiterieleys.be\/nl\/wp-json\/wp\/v2\/media?parent=1185"}],"curies":[{"name":"wp","href":"https:\/\/api.w.org\/{rel}","templated":true}]}}