{"id":1171,"date":"2020-11-25T17:59:42","date_gmt":"2020-11-25T16:59:42","guid":{"rendered":"https:\/\/miroiterieleys.be\/realisaties\/portes-en-verre\/"},"modified":"2022-09-28T14:27:15","modified_gmt":"2022-09-28T12:27:15","slug":"glazen-deuren","status":"publish","type":"page","link":"https:\/\/miroiterieleys.be\/nl\/realisaties\/glazen-deuren\/","title":{"rendered":"Glazen deuren"},"content":{"rendered":"<div class=\"wpb-content-wrapper\"><p>[vc_row section_type=&#8221;fullwidth&#8221; padding_top_multiplier=&#8221;&#8221; padding_bottom_multiplier=&#8221;&#8221; columns_gap=&#8221;none&#8221; margin_bottom=&#8221;0&#8243; el_class=&#8221;title-page&#8221; font_color=&#8221;#ffffff&#8221;][vc_column heading_color=&#8221;light&#8221; css=&#8221;.vc_custom_1608720514528{padding-right: 7em !important;padding-left: 7em !important;background-image: url(https:\/\/miroiterieleys.be\/wp-content\/uploads\/2020\/11\/hero-9-filter-1920&#215;400-1.jpg?id=730) !important;background-position: center !important;background-repeat: no-repeat !important;background-size: cover !important;}&#8221;]<div class=\"grve-empty-space grve-height-2x desk-space\" style=\"\"><\/div><h2 class=\"grve-element grve-title grve-align-center grve-h1\" style=\"margin-bottom: 0px;\"><span>Glazen deuren<\/span><\/h2><div class=\"grve-empty-space grve-height-2x desk-space\" style=\"\"><\/div>[\/vc_column][\/vc_row][vc_row heading_color=&#8221;primary-1&#8243; padding_top_multiplier=&#8221;&#8221; padding_bottom_multiplier=&#8221;&#8221; margin_bottom=&#8221;0&#8243; el_class=&#8221;real-child-about&#8221;][vc_column width=&#8221;1\/4&#8243;][\/vc_column][vc_column width=&#8221;1\/2&#8243;]<div class=\"grve-empty-space grve-height-2x desk-space\" style=\"\"><\/div>[vc_column_text]<\/p>\n<p style=\"text-align: center;\">Betere lichtinval tussen de vertrekken, optische vergroting van de ruimte, een tijdloos en neutraal design dat past bij elk interieur &#8230; Een glazen deur is als een denkbeeldige ruimte die zich opent in uw interieur, terwijl de minimaal vereiste afscheiding tussen de vertrekken perfect behouden blijft. Ze worden gemaakt van gehard veiligheidsglas en door onze teams \u2018sleutelklaar\u2019 geplaatst!<\/p>\n<p>[\/vc_column_text]<div class=\"grve-empty-space grve-height-2x desk-space\" style=\"\"><\/div>[\/vc_column][vc_column width=&#8221;1\/4&#8243;][\/vc_column][\/vc_row][vc_row heading_color=&#8221;primary-1&#8243; padding_top_multiplier=&#8221;&#8221; margin_bottom=&#8221;0&#8243; el_class=&#8221;real-child-cat&#8221;][vc_column width=&#8221;1\/4&#8243;][\/vc_column][vc_column width=&#8221;1\/2&#8243;]<div class=\"grve-empty-space grve-height-1x desk-space\" style=\"\"><\/div><div class=\"grve-element grve-box-icon grve-small grve-side-icon grve-align-right brown-font\" style=\"\"><a href=\"\/nl\/realisaties\/#realisatieaanbod-nl\" title=\"Offerteaanvraag\" class=\"custom-btn\"><div class=\"grve-image-icon\"><img decoding=\"async\" width=\"67\" height=\"27\" src=\"https:\/\/miroiterieleys.be\/wp-content\/uploads\/2020\/11\/btn-arrow-icon.png\" class=\"attachment-full size-full\" alt=\"\" \/><\/div><div class=\"grve-box-content\"><div class=\"grve-box-title-wrapper\"><h5 class=\"grve-box-title grve-h5\">offerteaanvraag<\/h5><\/div><\/div><\/a><\/div>[\/vc_column][vc_column width=&#8221;1\/4&#8243;][\/vc_column][\/vc_row][vc_row el_class=&#8221;mark mark-real-child-page mark-right&#8221;][vc_column clipping_animation=&#8221;clipping-up&#8221;]<div class=\"grve-element grve-box-icon grve-small grve-side-icon grve-align-left\" style=\"\"><div class=\"grve-image-icon\"><img decoding=\"async\" width=\"96\" height=\"2\" src=\"https:\/\/miroiterieleys.be\/wp-content\/uploads\/2020\/11\/LF-before-line.png\" class=\"attachment-full size-full\" alt=\"\" \/><\/div><div class=\"grve-box-content\"><div class=\"grve-box-title-wrapper\"><div class=\"grve-box-title grve-subtitle-text\">Glazen deuren<\/div><\/div><\/div><\/div>[\/vc_column][\/vc_row][vc_row heading_color=&#8221;primary-2&#8243; padding_top_multiplier=&#8221;&#8221; padding_bottom_multiplier=&#8221;&#8221; el_class=&#8221;real-child-tab&#8221; margin_bottom=&#8221;0&#8243;][vc_column heading_color=&#8221;primary-2&#8243;]<div class=\"grve-empty-space grve-height-1x desk-space\" style=\"\"><\/div><div class=\"grve-element grve-gallery grve-isotope grve-gallery-popup max_h_480 grve-with-gap\" style=\"\" data-columns=\"3\" data-columns-large-screen=\"3\" data-columns-tablet-landscape=\"3\" data-columns-tablet-portrait=\"2\" data-columns-mobile=\"1\" data-layout=\"fitRows\" data-gutter-size=\"40\">  <div class=\"grve-isotope-container\"><div class=\"grve-isotope-item grve-hover-item grve-hover-style-none\"><div class=\"grve-isotope-item-inner grve-zoom-in\">  <figure class=\"grve-image-hover grve-zoom-in\">    <a class=\"grve-item-url\" href=\"https:\/\/miroiterieleys.be\/wp-content\/uploads\/2020\/11\/grande-porte-acide-900.jpg\" ><\/a>    <div class=\"grve-hover-overlay grve-bg-light grve-opacity-0\"><\/div><div class=\"grve-media\"><img decoding=\"async\" width=\"560\" height=\"560\" src=\"https:\/\/miroiterieleys.be\/wp-content\/uploads\/2020\/11\/grande-porte-acide-900-560x560.jpg\" class=\"attachment-movedo-grve-small-square size-movedo-grve-small-square\" alt=\"Miroiterie Leys and Fils - grande porte acide\" srcset=\"https:\/\/miroiterieleys.be\/wp-content\/uploads\/2020\/11\/grande-porte-acide-900-560x560.jpg 560w, https:\/\/miroiterieleys.be\/wp-content\/uploads\/2020\/11\/grande-porte-acide-900-150x150.jpg 150w, https:\/\/miroiterieleys.be\/wp-content\/uploads\/2020\/11\/grande-porte-acide-900-675x675.jpg 675w\" sizes=\"(max-width: 560px) 100vw, 560px\" \/><\/div>  <\/figure><\/div><\/div><div class=\"grve-isotope-item grve-hover-item grve-hover-style-none\"><div class=\"grve-isotope-item-inner grve-zoom-in\">  <figure class=\"grve-image-hover grve-zoom-in\">    <a class=\"grve-item-url\" href=\"https:\/\/miroiterieleys.be\/wp-content\/uploads\/2022\/09\/PORTES-VITREES-1.jpg\" ><\/a>    <div class=\"grve-hover-overlay grve-bg-light grve-opacity-0\"><\/div><div class=\"grve-media\"><img decoding=\"async\" width=\"560\" height=\"560\" src=\"https:\/\/miroiterieleys.be\/wp-content\/uploads\/2022\/09\/PORTES-VITREES-1-560x560.jpg\" class=\"attachment-movedo-grve-small-square size-movedo-grve-small-square\" alt=\"\" srcset=\"https:\/\/miroiterieleys.be\/wp-content\/uploads\/2022\/09\/PORTES-VITREES-1-560x560.jpg 560w, https:\/\/miroiterieleys.be\/wp-content\/uploads\/2022\/09\/PORTES-VITREES-1-150x150.jpg 150w\" sizes=\"(max-width: 560px) 100vw, 560px\" \/><\/div>  <\/figure><\/div><\/div><div class=\"grve-isotope-item grve-hover-item grve-hover-style-none\"><div class=\"grve-isotope-item-inner grve-zoom-in\">  <figure class=\"grve-image-hover grve-zoom-in\">    <a class=\"grve-item-url\" href=\"https:\/\/miroiterieleys.be\/wp-content\/uploads\/2022\/09\/PORTES-VITREES-2.jpg\" ><\/a>    <div class=\"grve-hover-overlay grve-bg-light grve-opacity-0\"><\/div><div class=\"grve-media\"><img decoding=\"async\" width=\"560\" height=\"560\" src=\"https:\/\/miroiterieleys.be\/wp-content\/uploads\/2022\/09\/PORTES-VITREES-2-560x560.jpg\" class=\"attachment-movedo-grve-small-square size-movedo-grve-small-square\" alt=\"\" srcset=\"https:\/\/miroiterieleys.be\/wp-content\/uploads\/2022\/09\/PORTES-VITREES-2-560x560.jpg 560w, https:\/\/miroiterieleys.be\/wp-content\/uploads\/2022\/09\/PORTES-VITREES-2-150x150.jpg 150w\" sizes=\"(max-width: 560px) 100vw, 560px\" \/><\/div>  <\/figure><\/div><\/div><div class=\"grve-isotope-item grve-hover-item grve-hover-style-none\"><div class=\"grve-isotope-item-inner grve-zoom-in\">  <figure class=\"grve-image-hover grve-zoom-in\">    <a class=\"grve-item-url\" href=\"https:\/\/miroiterieleys.be\/wp-content\/uploads\/2022\/09\/PORTES-VITREES-3.jpg\" ><\/a>    <div class=\"grve-hover-overlay grve-bg-light grve-opacity-0\"><\/div><div class=\"grve-media\"><img decoding=\"async\" width=\"560\" height=\"560\" src=\"https:\/\/miroiterieleys.be\/wp-content\/uploads\/2022\/09\/PORTES-VITREES-3-560x560.jpg\" class=\"attachment-movedo-grve-small-square size-movedo-grve-small-square\" alt=\"\" srcset=\"https:\/\/miroiterieleys.be\/wp-content\/uploads\/2022\/09\/PORTES-VITREES-3-560x560.jpg 560w, https:\/\/miroiterieleys.be\/wp-content\/uploads\/2022\/09\/PORTES-VITREES-3-150x150.jpg 150w\" sizes=\"(max-width: 560px) 100vw, 560px\" \/><\/div>  <\/figure><\/div><\/div><div class=\"grve-isotope-item grve-hover-item grve-hover-style-none\"><div class=\"grve-isotope-item-inner grve-zoom-in\">  <figure class=\"grve-image-hover grve-zoom-in\">    <a class=\"grve-item-url\" href=\"https:\/\/miroiterieleys.be\/wp-content\/uploads\/2022\/09\/PORTES-VITREES-4.jpg\" ><\/a>    <div class=\"grve-hover-overlay grve-bg-light grve-opacity-0\"><\/div><div class=\"grve-media\"><img decoding=\"async\" width=\"560\" height=\"560\" src=\"https:\/\/miroiterieleys.be\/wp-content\/uploads\/2022\/09\/PORTES-VITREES-4-560x560.jpg\" class=\"attachment-movedo-grve-small-square size-movedo-grve-small-square\" alt=\"\" srcset=\"https:\/\/miroiterieleys.be\/wp-content\/uploads\/2022\/09\/PORTES-VITREES-4-560x560.jpg 560w, https:\/\/miroiterieleys.be\/wp-content\/uploads\/2022\/09\/PORTES-VITREES-4-150x150.jpg 150w\" sizes=\"(max-width: 560px) 100vw, 560px\" \/><\/div>  <\/figure><\/div><\/div><div class=\"grve-isotope-item grve-hover-item grve-hover-style-none\"><div class=\"grve-isotope-item-inner grve-zoom-in\">  <figure class=\"grve-image-hover grve-zoom-in\">    <a class=\"grve-item-url\" href=\"https:\/\/miroiterieleys.be\/wp-content\/uploads\/2022\/09\/PORTES-VITREES-5.jpg\" ><\/a>    <div class=\"grve-hover-overlay grve-bg-light grve-opacity-0\"><\/div><div class=\"grve-media\"><img decoding=\"async\" width=\"560\" height=\"560\" src=\"https:\/\/miroiterieleys.be\/wp-content\/uploads\/2022\/09\/PORTES-VITREES-5-560x560.jpg\" class=\"attachment-movedo-grve-small-square size-movedo-grve-small-square\" alt=\"\" srcset=\"https:\/\/miroiterieleys.be\/wp-content\/uploads\/2022\/09\/PORTES-VITREES-5-560x560.jpg 560w, https:\/\/miroiterieleys.be\/wp-content\/uploads\/2022\/09\/PORTES-VITREES-5-150x150.jpg 150w\" sizes=\"(max-width: 560px) 100vw, 560px\" \/><\/div>  <\/figure><\/div><\/div><div class=\"grve-isotope-item grve-hover-item grve-hover-style-none\"><div class=\"grve-isotope-item-inner grve-zoom-in\">  <figure class=\"grve-image-hover grve-zoom-in\">    <a class=\"grve-item-url\" href=\"https:\/\/miroiterieleys.be\/wp-content\/uploads\/2022\/09\/PORTES-VITREES-6.jpg\" ><\/a>    <div class=\"grve-hover-overlay grve-bg-light grve-opacity-0\"><\/div><div class=\"grve-media\"><img decoding=\"async\" width=\"560\" height=\"560\" src=\"https:\/\/miroiterieleys.be\/wp-content\/uploads\/2022\/09\/PORTES-VITREES-6-560x560.jpg\" class=\"attachment-movedo-grve-small-square size-movedo-grve-small-square\" alt=\"\" srcset=\"https:\/\/miroiterieleys.be\/wp-content\/uploads\/2022\/09\/PORTES-VITREES-6-560x560.jpg 560w, https:\/\/miroiterieleys.be\/wp-content\/uploads\/2022\/09\/PORTES-VITREES-6-150x150.jpg 150w\" sizes=\"(max-width: 560px) 100vw, 560px\" \/><\/div>  <\/figure><\/div><\/div><div class=\"grve-isotope-item grve-hover-item grve-hover-style-none\"><div class=\"grve-isotope-item-inner grve-zoom-in\">  <figure class=\"grve-image-hover grve-zoom-in\">    <a class=\"grve-item-url\" href=\"https:\/\/miroiterieleys.be\/wp-content\/uploads\/2022\/09\/PORTES-VITREES-7.jpg\" ><\/a>    <div class=\"grve-hover-overlay grve-bg-light grve-opacity-0\"><\/div><div class=\"grve-media\"><img decoding=\"async\" width=\"560\" height=\"560\" src=\"https:\/\/miroiterieleys.be\/wp-content\/uploads\/2022\/09\/PORTES-VITREES-7-560x560.jpg\" class=\"attachment-movedo-grve-small-square size-movedo-grve-small-square\" alt=\"\" srcset=\"https:\/\/miroiterieleys.be\/wp-content\/uploads\/2022\/09\/PORTES-VITREES-7-560x560.jpg 560w, https:\/\/miroiterieleys.be\/wp-content\/uploads\/2022\/09\/PORTES-VITREES-7-150x150.jpg 150w\" sizes=\"(max-width: 560px) 100vw, 560px\" \/><\/div>  <\/figure><\/div><\/div>  <\/div><\/div><div class=\"grve-empty-space grve-height-1x desk-space\" style=\"\"><\/div>[\/vc_column][\/vc_row]<\/p>\n<\/div>","protected":false},"excerpt":{"rendered":"<p>[vc_row section_type=&#8221;fullwidth&#8221; padding_top_multiplier=&#8221;&#8221; padding_bottom_multiplier=&#8221;&#8221; columns_gap=&#8221;none&#8221; margin_bottom=&#8221;0&#8243; el_class=&#8221;title-page&#8221; font_color=&#8221;#ffffff&#8221;][vc_column heading_color=&#8221;light&#8221; css=&#8221;.vc_custom_1608720514528{padding-right: 7em !important;padding-left: 7em !important;background-image: url(https:\/\/miroiterieleys.be\/wp-content\/uploads\/2020\/11\/hero-9-filter-1920&#215;400-1.jpg?id=730) !important;background-position: center !important;background-repeat: no-repeat !important;background-size: cover !important;}&#8221;][\/vc_column][\/vc_row][vc_row heading_color=&#8221;primary-1&#8243; padding_top_multiplier=&#8221;&#8221; padding_bottom_multiplier=&#8221;&#8221; margin_bottom=&#8221;0&#8243; el_class=&#8221;real-child-about&#8221;][vc_column width=&#8221;1\/4&#8243;][\/vc_column][vc_column width=&#8221;1\/2&#8243;][vc_column_text] Betere lichtinval tussen de vertrekken, optische vergroting van de ruimte, een tijdloos en neutraal design dat past bij elk interieur &#8230; Een glazen deur is als [&hellip;]<\/p>\n","protected":false},"author":1,"featured_media":0,"parent":1151,"menu_order":0,"comment_status":"closed","ping_status":"closed","template":"","meta":{"footnotes":""},"yoast_head":"<!-- This site is optimized with the Yoast SEO plugin v21.7 - https:\/\/yoast.com\/wordpress\/plugins\/seo\/ -->\n<title>Miroiterie Leys and Fils - R\u00e9alisations : portes en verre<\/title>\n<meta name=\"description\" content=\"Con\u00e7ue en verre tremp\u00e9 s\u00e9curis\u00e9, une porte en verre est un espace virtuel qui s\u2019ouvre dans votre int\u00e9rieur.\" \/>\n<meta name=\"robots\" content=\"index, follow, max-snippet:-1, max-image-preview:large, max-video-preview:-1\" \/>\n<link rel=\"canonical\" href=\"https:\/\/miroiterieleys.be\/nl\/realisaties\/glazen-deuren\/\" \/>\n<meta property=\"og:locale\" content=\"nl_NL\" \/>\n<meta property=\"og:type\" content=\"article\" \/>\n<meta property=\"og:title\" content=\"Miroiterie Leys and Fils - R\u00e9alisations : portes en verre\" \/>\n<meta property=\"og:description\" content=\"Con\u00e7ue en verre tremp\u00e9 s\u00e9curis\u00e9, une porte en verre est un espace virtuel qui s\u2019ouvre dans votre int\u00e9rieur.\" \/>\n<meta property=\"og:url\" content=\"https:\/\/miroiterieleys.be\/nl\/realisaties\/glazen-deuren\/\" \/>\n<meta property=\"og:site_name\" content=\"Leys and Fils\" \/>\n<meta property=\"article:modified_time\" content=\"2022-09-28T12:27:15+00:00\" \/>\n<meta name=\"twitter:card\" content=\"summary_large_image\" \/>\n<meta name=\"twitter:label1\" content=\"Geschatte leestijd\" \/>\n\t<meta name=\"twitter:data1\" content=\"1 minuut\" \/>\n<script type=\"application\/ld+json\" class=\"yoast-schema-graph\">{\"@context\":\"https:\/\/schema.org\",\"@graph\":[{\"@type\":\"WebPage\",\"@id\":\"https:\/\/miroiterieleys.be\/nl\/realisaties\/glazen-deuren\/\",\"url\":\"https:\/\/miroiterieleys.be\/nl\/realisaties\/glazen-deuren\/\",\"name\":\"Miroiterie Leys and Fils - R\u00e9alisations : portes en verre\",\"isPartOf\":{\"@id\":\"https:\/\/miroiterieleys.be\/nl\/#website\"},\"datePublished\":\"2020-11-25T16:59:42+00:00\",\"dateModified\":\"2022-09-28T12:27:15+00:00\",\"description\":\"Con\u00e7ue en verre tremp\u00e9 s\u00e9curis\u00e9, une porte en verre est un espace virtuel qui s\u2019ouvre dans votre int\u00e9rieur.\",\"breadcrumb\":{\"@id\":\"https:\/\/miroiterieleys.be\/nl\/realisaties\/glazen-deuren\/#breadcrumb\"},\"inLanguage\":\"nl-NL\",\"potentialAction\":[{\"@type\":\"ReadAction\",\"target\":[\"https:\/\/miroiterieleys.be\/nl\/realisaties\/glazen-deuren\/\"]}]},{\"@type\":\"BreadcrumbList\",\"@id\":\"https:\/\/miroiterieleys.be\/nl\/realisaties\/glazen-deuren\/#breadcrumb\",\"itemListElement\":[{\"@type\":\"ListItem\",\"position\":1,\"name\":\"Accueil\",\"item\":\"https:\/\/miroiterieleys.be\/nl\/\"},{\"@type\":\"ListItem\",\"position\":2,\"name\":\"REALISATIES\",\"item\":\"https:\/\/miroiterieleys.be\/nl\/realisaties\/\"},{\"@type\":\"ListItem\",\"position\":3,\"name\":\"Glazen deuren\"}]},{\"@type\":\"WebSite\",\"@id\":\"https:\/\/miroiterieleys.be\/nl\/#website\",\"url\":\"https:\/\/miroiterieleys.be\/nl\/\",\"name\":\"Leys and Fils\",\"description\":\"MIROITERIE J. LEYS &amp; FILS DEPUIS 1870\",\"potentialAction\":[{\"@type\":\"SearchAction\",\"target\":{\"@type\":\"EntryPoint\",\"urlTemplate\":\"https:\/\/miroiterieleys.be\/nl\/?s={search_term_string}\"},\"query-input\":\"required name=search_term_string\"}],\"inLanguage\":\"nl-NL\"}]}<\/script>\n<!-- \/ Yoast SEO plugin. -->","yoast_head_json":{"title":"Miroiterie Leys and Fils - R\u00e9alisations : portes en verre","description":"Con\u00e7ue en verre tremp\u00e9 s\u00e9curis\u00e9, une porte en verre est un espace virtuel qui s\u2019ouvre dans votre int\u00e9rieur.","robots":{"index":"index","follow":"follow","max-snippet":"max-snippet:-1","max-image-preview":"max-image-preview:large","max-video-preview":"max-video-preview:-1"},"canonical":"https:\/\/miroiterieleys.be\/nl\/realisaties\/glazen-deuren\/","og_locale":"nl_NL","og_type":"article","og_title":"Miroiterie Leys and Fils - R\u00e9alisations : portes en verre","og_description":"Con\u00e7ue en verre tremp\u00e9 s\u00e9curis\u00e9, une porte en verre est un espace virtuel qui s\u2019ouvre dans votre int\u00e9rieur.","og_url":"https:\/\/miroiterieleys.be\/nl\/realisaties\/glazen-deuren\/","og_site_name":"Leys and Fils","article_modified_time":"2022-09-28T12:27:15+00:00","twitter_card":"summary_large_image","twitter_misc":{"Geschatte leestijd":"1 minuut"},"schema":{"@context":"https:\/\/schema.org","@graph":[{"@type":"WebPage","@id":"https:\/\/miroiterieleys.be\/nl\/realisaties\/glazen-deuren\/","url":"https:\/\/miroiterieleys.be\/nl\/realisaties\/glazen-deuren\/","name":"Miroiterie Leys and Fils - R\u00e9alisations : portes en verre","isPartOf":{"@id":"https:\/\/miroiterieleys.be\/nl\/#website"},"datePublished":"2020-11-25T16:59:42+00:00","dateModified":"2022-09-28T12:27:15+00:00","description":"Con\u00e7ue en verre tremp\u00e9 s\u00e9curis\u00e9, une porte en verre est un espace virtuel qui s\u2019ouvre dans votre int\u00e9rieur.","breadcrumb":{"@id":"https:\/\/miroiterieleys.be\/nl\/realisaties\/glazen-deuren\/#breadcrumb"},"inLanguage":"nl-NL","potentialAction":[{"@type":"ReadAction","target":["https:\/\/miroiterieleys.be\/nl\/realisaties\/glazen-deuren\/"]}]},{"@type":"BreadcrumbList","@id":"https:\/\/miroiterieleys.be\/nl\/realisaties\/glazen-deuren\/#breadcrumb","itemListElement":[{"@type":"ListItem","position":1,"name":"Accueil","item":"https:\/\/miroiterieleys.be\/nl\/"},{"@type":"ListItem","position":2,"name":"REALISATIES","item":"https:\/\/miroiterieleys.be\/nl\/realisaties\/"},{"@type":"ListItem","position":3,"name":"Glazen deuren"}]},{"@type":"WebSite","@id":"https:\/\/miroiterieleys.be\/nl\/#website","url":"https:\/\/miroiterieleys.be\/nl\/","name":"Leys and Fils","description":"MIROITERIE J. LEYS &amp; FILS DEPUIS 1870","potentialAction":[{"@type":"SearchAction","target":{"@type":"EntryPoint","urlTemplate":"https:\/\/miroiterieleys.be\/nl\/?s={search_term_string}"},"query-input":"required name=search_term_string"}],"inLanguage":"nl-NL"}]}},"_links":{"self":[{"href":"https:\/\/miroiterieleys.be\/nl\/wp-json\/wp\/v2\/pages\/1171"}],"collection":[{"href":"https:\/\/miroiterieleys.be\/nl\/wp-json\/wp\/v2\/pages"}],"about":[{"href":"https:\/\/miroiterieleys.be\/nl\/wp-json\/wp\/v2\/types\/page"}],"author":[{"embeddable":true,"href":"https:\/\/miroiterieleys.be\/nl\/wp-json\/wp\/v2\/users\/1"}],"replies":[{"embeddable":true,"href":"https:\/\/miroiterieleys.be\/nl\/wp-json\/wp\/v2\/comments?post=1171"}],"version-history":[{"count":11,"href":"https:\/\/miroiterieleys.be\/nl\/wp-json\/wp\/v2\/pages\/1171\/revisions"}],"predecessor-version":[{"id":1923,"href":"https:\/\/miroiterieleys.be\/nl\/wp-json\/wp\/v2\/pages\/1171\/revisions\/1923"}],"up":[{"embeddable":true,"href":"https:\/\/miroiterieleys.be\/nl\/wp-json\/wp\/v2\/pages\/1151"}],"wp:attachment":[{"href":"https:\/\/miroiterieleys.be\/nl\/wp-json\/wp\/v2\/media?parent=1171"}],"curies":[{"name":"wp","href":"https:\/\/api.w.org\/{rel}","templated":true}]}}