{"id":1159,"date":"2020-11-25T17:56:58","date_gmt":"2020-11-25T16:56:58","guid":{"rendered":"https:\/\/miroiterieleys.be\/realisaties\/miroirs\/"},"modified":"2022-10-12T15:52:03","modified_gmt":"2022-10-12T13:52:03","slug":"spiegels","status":"publish","type":"page","link":"https:\/\/miroiterieleys.be\/nl\/realisaties\/spiegels\/","title":{"rendered":"Spiegels"},"content":{"rendered":"<div class=\"wpb-content-wrapper\"><p>[vc_row section_type=&#8221;fullwidth&#8221; padding_top_multiplier=&#8221;&#8221; padding_bottom_multiplier=&#8221;&#8221; columns_gap=&#8221;none&#8221; margin_bottom=&#8221;0&#8243; el_class=&#8221;title-page&#8221; font_color=&#8221;#ffffff&#8221;][vc_column heading_color=&#8221;light&#8221; css=&#8221;.vc_custom_1608720917257{padding-right: 7em !important;padding-left: 7em !important;background-image: url(https:\/\/miroiterieleys.be\/wp-content\/uploads\/2020\/11\/hero-4-filter-1920&#215;400-1.jpg?id=438) !important;background-position: center !important;background-repeat: no-repeat !important;background-size: cover !important;}&#8221;]<div class=\"grve-empty-space grve-height-2x desk-space\" style=\"\"><\/div><h2 class=\"grve-element grve-title grve-align-center grve-h1\" style=\"margin-bottom: 0px;\"><span>Spiegels<\/span><\/h2><div class=\"grve-empty-space grve-height-2x desk-space\" style=\"\"><\/div>[\/vc_column][\/vc_row][vc_row heading_color=&#8221;primary-1&#8243; padding_top_multiplier=&#8221;&#8221; padding_bottom_multiplier=&#8221;&#8221; margin_bottom=&#8221;0&#8243; el_class=&#8221;real-child-about&#8221;][vc_column width=&#8221;1\/4&#8243;][\/vc_column][vc_column width=&#8221;1\/2&#8243;]<div class=\"grve-empty-space grve-height-2x desk-space\" style=\"\"><\/div>[vc_column_text]<\/p>\n<p style=\"text-align: center;\">Onze werkplaats is uitgerust om elke soort spiegel te kunnen ontwerpen, bewerken, klaarmaken en monteren (verschillende tinten of vormen, verouderd, verguld, geslepen randen enz.). Wij zorgen uiteraard ook voor de plaatsing. Dit kan in de hal of badkamer zijn bij een particulier, maar ook bij de inrichting van specifieke ruimten zoals winkels, winkelgalerijen, vergaderzalen, dans- en sportclubs, nachtclubs, kapsalons enz.<\/p>\n<p>[\/vc_column_text]<div class=\"grve-empty-space grve-height-2x desk-space\" style=\"\"><\/div>[\/vc_column][vc_column width=&#8221;1\/4&#8243;][\/vc_column][\/vc_row][vc_row heading_color=&#8221;primary-1&#8243; padding_top_multiplier=&#8221;&#8221; margin_bottom=&#8221;0&#8243; el_class=&#8221;real-child-cat&#8221;][vc_column width=&#8221;1\/4&#8243;][\/vc_column][vc_column width=&#8221;1\/2&#8243;]<div class=\"grve-empty-space grve-height-1x desk-space\" style=\"\"><\/div><div class=\"grve-element grve-box-icon grve-small grve-side-icon grve-align-right brown-font\" style=\"\"><a href=\"\/nl\/realisaties\/#realisatieaanbod-nl\" title=\"Offerteaanvraag\" class=\"custom-btn\"><div class=\"grve-image-icon\"><img decoding=\"async\" width=\"67\" height=\"27\" src=\"https:\/\/miroiterieleys.be\/wp-content\/uploads\/2020\/11\/btn-arrow-icon.png\" class=\"attachment-full size-full\" alt=\"\" \/><\/div><div class=\"grve-box-content\"><div class=\"grve-box-title-wrapper\"><h5 class=\"grve-box-title grve-h5\">offerteaanvraag<\/h5><\/div><\/div><\/a><\/div>[\/vc_column][vc_column width=&#8221;1\/4&#8243;][\/vc_column][\/vc_row][vc_row el_class=&#8221;mark mark-real-child-page mark-right&#8221;][vc_column clipping_animation=&#8221;clipping-up&#8221;]<div class=\"grve-element grve-box-icon grve-small grve-side-icon grve-align-left\" style=\"\"><div class=\"grve-image-icon\"><img decoding=\"async\" width=\"96\" height=\"2\" src=\"https:\/\/miroiterieleys.be\/wp-content\/uploads\/2020\/11\/LF-before-line.png\" class=\"attachment-full size-full\" alt=\"\" \/><\/div><div class=\"grve-box-content\"><div class=\"grve-box-title-wrapper\"><div class=\"grve-box-title grve-subtitle-text\">Spiegels<\/div><\/div><\/div><\/div>[\/vc_column][\/vc_row][vc_row heading_color=&#8221;primary-2&#8243; padding_top_multiplier=&#8221;&#8221; padding_bottom_multiplier=&#8221;&#8221; el_class=&#8221;real-child-tab&#8221; margin_bottom=&#8221;0&#8243;][vc_column heading_color=&#8221;primary-2&#8243;]<div class=\"grve-empty-space grve-height-1x desk-space\" style=\"\"><\/div><div class=\"grve-element grve-gallery grve-isotope grve-gallery-popup gallery-miroirs grve-with-gap\" style=\"margin-bottom: 0px;\" data-columns=\"3\" data-columns-large-screen=\"3\" data-columns-tablet-landscape=\"2\" data-columns-tablet-portrait=\"2\" data-columns-mobile=\"1\" data-layout=\"fitRows\" data-gutter-size=\"40\">  <div class=\"grve-isotope-container\"><div class=\"grve-isotope-item grve-hover-item grve-hover-style-1\"><div class=\"grve-isotope-item-inner grve-zoom-in\">  <figure class=\"grve-image-hover grve-zoom-in\">    <a class=\"grve-item-url\" href=\"https:\/\/miroiterieleys.be\/wp-content\/uploads\/2020\/11\/miroir-dore-900.jpg\"  data-desc=\"Creatie van een gouden spiegelmuur met de afbeelding van de kathedraal van Doornik erin verwerkt\"><\/a>    <div class=\"grve-hover-overlay grve-bg-light grve-opacity-0\"><\/div><div class=\"grve-media\"><img decoding=\"async\" width=\"560\" height=\"420\" src=\"https:\/\/miroiterieleys.be\/wp-content\/uploads\/2020\/11\/miroir-dore-900-560x420.jpg\" class=\"attachment-movedo-grve-small-rect-horizontal size-movedo-grve-small-rect-horizontal\" alt=\"gouden spiegel\" \/><\/div>  <\/figure><div class=\"grve-content grve-align-center\"><div class=\"grve-description grve-text-content\">Creatie van een gouden spiegelmuur met de afbeelding van de kathedraal van Doornik erin verwerkt<\/div><\/div><\/div><\/div><div class=\"grve-isotope-item grve-hover-item grve-hover-style-1\"><div class=\"grve-isotope-item-inner grve-zoom-in\">  <figure class=\"grve-image-hover grve-zoom-in\">    <a class=\"grve-item-url\" href=\"https:\/\/miroiterieleys.be\/wp-content\/uploads\/2020\/11\/cadre-moulure-900.jpg\"  data-desc=\"Plaatsing van spiegels met geslepen randen in uitgesneden kaders\"><\/a>    <div class=\"grve-hover-overlay grve-bg-light grve-opacity-0\"><\/div><div class=\"grve-media\"><img decoding=\"async\" width=\"560\" height=\"420\" src=\"https:\/\/miroiterieleys.be\/wp-content\/uploads\/2020\/11\/cadre-moulure-900-560x420.jpg\" class=\"attachment-movedo-grve-small-rect-horizontal size-movedo-grve-small-rect-horizontal\" alt=\"spiegels in uitgesneden kaders\" \/><\/div>  <\/figure><div class=\"grve-content grve-align-center\"><div class=\"grve-description grve-text-content\">Plaatsing van spiegels met geslepen randen in uitgesneden kaders<\/div><\/div><\/div><\/div><div class=\"grve-isotope-item grve-hover-item grve-hover-style-1\"><div class=\"grve-isotope-item-inner grve-zoom-in\">  <figure class=\"grve-image-hover grve-zoom-in\">    <a class=\"grve-item-url\" href=\"https:\/\/miroiterieleys.be\/wp-content\/uploads\/2020\/11\/cadre-1-moulure-900.jpg\"  data-desc=\"Installatie van spiegels met lijst\"><\/a>    <div class=\"grve-hover-overlay grve-bg-light grve-opacity-0\"><\/div><div class=\"grve-media\"><img decoding=\"async\" width=\"560\" height=\"420\" src=\"https:\/\/miroiterieleys.be\/wp-content\/uploads\/2020\/11\/cadre-1-moulure-900-560x420.jpg\" class=\"attachment-movedo-grve-small-rect-horizontal size-movedo-grve-small-rect-horizontal\" alt=\"spiegels met geslepen randen\" \/><\/div>  <\/figure><div class=\"grve-content grve-align-center\"><div class=\"grve-description grve-text-content\">Installatie van spiegels met lijst<\/div><\/div><\/div><\/div><div class=\"grve-isotope-item grve-hover-item grve-hover-style-1\"><div class=\"grve-isotope-item-inner grve-zoom-in\">  <figure class=\"grve-image-hover grve-zoom-in\">    <a class=\"grve-item-url\" href=\"https:\/\/miroiterieleys.be\/wp-content\/uploads\/2020\/11\/morena-900.jpg\"  data-desc=\"Plaatsing van een spiegel type Morena met gaten voor het bevestigen van de plankdragers\"><\/a>    <div class=\"grve-hover-overlay grve-bg-light grve-opacity-0\"><\/div><div class=\"grve-media\"><img decoding=\"async\" width=\"560\" height=\"420\" src=\"https:\/\/miroiterieleys.be\/wp-content\/uploads\/2020\/11\/morena-900-560x420.jpg\" class=\"attachment-movedo-grve-small-rect-horizontal size-movedo-grve-small-rect-horizontal\" alt=\"spiegel type Morena\" \/><\/div>  <\/figure><div class=\"grve-content grve-align-center\"><div class=\"grve-description grve-text-content\">Plaatsing van een spiegel type Morena met gaten voor het bevestigen van de plankdragers<\/div><\/div><\/div><\/div><div class=\"grve-isotope-item grve-hover-item grve-hover-style-1\"><div class=\"grve-isotope-item-inner grve-zoom-in\">  <figure class=\"grve-image-hover grve-zoom-in\">    <a class=\"grve-item-url\" href=\"https:\/\/miroiterieleys.be\/wp-content\/uploads\/2020\/11\/cadre-bois-900.jpg\"  data-desc=\"Plaatsing van een spiegel in een houten lijst in een badkamer\"><\/a>    <div class=\"grve-hover-overlay grve-bg-light grve-opacity-0\"><\/div><div class=\"grve-media\"><img decoding=\"async\" width=\"560\" height=\"420\" src=\"https:\/\/miroiterieleys.be\/wp-content\/uploads\/2020\/11\/cadre-bois-900-560x420.jpg\" class=\"attachment-movedo-grve-small-rect-horizontal size-movedo-grve-small-rect-horizontal\" alt=\"spiegel in een badkamer\" srcset=\"https:\/\/miroiterieleys.be\/wp-content\/uploads\/2020\/11\/cadre-bois-900-560x420.jpg 560w, https:\/\/miroiterieleys.be\/wp-content\/uploads\/2020\/11\/cadre-bois-900-300x225.jpg 300w, https:\/\/miroiterieleys.be\/wp-content\/uploads\/2020\/11\/cadre-bois-900-1024x768.jpg 1024w, https:\/\/miroiterieleys.be\/wp-content\/uploads\/2020\/11\/cadre-bois-900-768x576.jpg 768w, https:\/\/miroiterieleys.be\/wp-content\/uploads\/2020\/11\/cadre-bois-900-900x675.jpg 900w, https:\/\/miroiterieleys.be\/wp-content\/uploads\/2020\/11\/cadre-bois-900.jpg 1200w\" sizes=\"(max-width: 560px) 100vw, 560px\" \/><\/div>  <\/figure><div class=\"grve-content grve-align-center\"><div class=\"grve-description grve-text-content\">Plaatsing van een spiegel in een houten lijst in een badkamer<\/div><\/div><\/div><\/div><div class=\"grve-isotope-item grve-hover-item grve-hover-style-1\"><div class=\"grve-isotope-item-inner grve-zoom-in\">  <figure class=\"grve-image-hover grve-zoom-in\">    <a class=\"grve-item-url\" href=\"https:\/\/miroiterieleys.be\/wp-content\/uploads\/2020\/11\/lavabo-luminaire-900.jpg\"  data-desc=\"Plaatsing van een spiegel op een wastafel, inclusief uitsparingen voor de lampen\"><\/a>    <div class=\"grve-hover-overlay grve-bg-light grve-opacity-0\"><\/div><div class=\"grve-media\"><img decoding=\"async\" width=\"560\" height=\"420\" src=\"https:\/\/miroiterieleys.be\/wp-content\/uploads\/2020\/11\/lavabo-luminaire-900-560x420.jpg\" class=\"attachment-movedo-grve-small-rect-horizontal size-movedo-grve-small-rect-horizontal\" alt=\"spiegel op een wastafel,\" \/><\/div>  <\/figure><div class=\"grve-content grve-align-center\"><div class=\"grve-description grve-text-content\">Plaatsing van een spiegel op een wastafel, inclusief uitsparingen voor de lampen<\/div><\/div><\/div><\/div><div class=\"grve-isotope-item grve-hover-item grve-hover-style-1\"><div class=\"grve-isotope-item-inner grve-zoom-in\">  <figure class=\"grve-image-hover grve-zoom-in\">    <a class=\"grve-item-url\" href=\"https:\/\/miroiterieleys.be\/wp-content\/uploads\/2020\/11\/dressing-particulier-900.jpg\"  data-desc=\"spiegel geplaatst in een kleedkamer\"><\/a>    <div class=\"grve-hover-overlay grve-bg-light grve-opacity-0\"><\/div><div class=\"grve-media\"><img decoding=\"async\" width=\"560\" height=\"420\" src=\"https:\/\/miroiterieleys.be\/wp-content\/uploads\/2020\/11\/dressing-particulier-900-560x420.jpg\" class=\"attachment-movedo-grve-small-rect-horizontal size-movedo-grve-small-rect-horizontal\" alt=\"spiegel in kleedkamer\" srcset=\"https:\/\/miroiterieleys.be\/wp-content\/uploads\/2020\/11\/dressing-particulier-900-560x420.jpg 560w, https:\/\/miroiterieleys.be\/wp-content\/uploads\/2020\/11\/dressing-particulier-900-300x225.jpg 300w, https:\/\/miroiterieleys.be\/wp-content\/uploads\/2020\/11\/dressing-particulier-900-1024x768.jpg 1024w, https:\/\/miroiterieleys.be\/wp-content\/uploads\/2020\/11\/dressing-particulier-900-768x576.jpg 768w, https:\/\/miroiterieleys.be\/wp-content\/uploads\/2020\/11\/dressing-particulier-900-900x675.jpg 900w, https:\/\/miroiterieleys.be\/wp-content\/uploads\/2020\/11\/dressing-particulier-900.jpg 1200w\" sizes=\"(max-width: 560px) 100vw, 560px\" \/><\/div>  <\/figure><div class=\"grve-content grve-align-center\"><div class=\"grve-description grve-text-content\">spiegel geplaatst in een kleedkamer<\/div><\/div><\/div><\/div><div class=\"grve-isotope-item grve-hover-item grve-hover-style-1\"><div class=\"grve-isotope-item-inner grve-zoom-in\">  <figure class=\"grve-image-hover grve-zoom-in\">    <a class=\"grve-item-url\" href=\"https:\/\/miroiterieleys.be\/wp-content\/uploads\/2020\/11\/sdb-particulier-900.jpg\"  data-desc=\"Plaatsing van een spiegel in de badkamer van een particulier\"><\/a>    <div class=\"grve-hover-overlay grve-bg-light grve-opacity-0\"><\/div><div class=\"grve-media\"><img decoding=\"async\" width=\"560\" height=\"420\" src=\"https:\/\/miroiterieleys.be\/wp-content\/uploads\/2020\/11\/sdb-particulier-900-560x420.jpg\" class=\"attachment-movedo-grve-small-rect-horizontal size-movedo-grve-small-rect-horizontal\" alt=\"spiegel in de badkamer\" \/><\/div>  <\/figure><div class=\"grve-content grve-align-center\"><div class=\"grve-description grve-text-content\">Plaatsing van een spiegel in de badkamer van een particulier<\/div><\/div><\/div><\/div><div class=\"grve-isotope-item grve-hover-item grve-hover-style-1\"><div class=\"grve-isotope-item-inner grve-zoom-in\">  <figure class=\"grve-image-hover grve-zoom-in\">    <a class=\"grve-item-url\" href=\"https:\/\/miroiterieleys.be\/wp-content\/uploads\/2020\/11\/dressing-1-particulier-900.jpg\"  data-desc=\"spiegel geplaatst in een kleedkamer\"><\/a>    <div class=\"grve-hover-overlay grve-bg-light grve-opacity-0\"><\/div><div class=\"grve-media\"><img decoding=\"async\" width=\"560\" height=\"420\" src=\"https:\/\/miroiterieleys.be\/wp-content\/uploads\/2020\/11\/dressing-1-particulier-900-560x420.jpg\" class=\"attachment-movedo-grve-small-rect-horizontal size-movedo-grve-small-rect-horizontal\" alt=\"spiegel in kleedkamer\" \/><\/div>  <\/figure><div class=\"grve-content grve-align-center\"><div class=\"grve-description grve-text-content\">spiegel geplaatst in een kleedkamer<\/div><\/div><\/div><\/div>  <\/div><\/div><div class=\"grve-empty-space grve-height-1x desk-space\" style=\"\"><\/div>[\/vc_column][\/vc_row]<\/p>\n<\/div>","protected":false},"excerpt":{"rendered":"<p>[vc_row section_type=&#8221;fullwidth&#8221; padding_top_multiplier=&#8221;&#8221; padding_bottom_multiplier=&#8221;&#8221; columns_gap=&#8221;none&#8221; margin_bottom=&#8221;0&#8243; el_class=&#8221;title-page&#8221; font_color=&#8221;#ffffff&#8221;][vc_column heading_color=&#8221;light&#8221; css=&#8221;.vc_custom_1608720917257{padding-right: 7em !important;padding-left: 7em !important;background-image: url(https:\/\/miroiterieleys.be\/wp-content\/uploads\/2020\/11\/hero-4-filter-1920&#215;400-1.jpg?id=438) !important;background-position: center !important;background-repeat: no-repeat !important;background-size: cover !important;}&#8221;][\/vc_column][\/vc_row][vc_row heading_color=&#8221;primary-1&#8243; padding_top_multiplier=&#8221;&#8221; padding_bottom_multiplier=&#8221;&#8221; margin_bottom=&#8221;0&#8243; el_class=&#8221;real-child-about&#8221;][vc_column width=&#8221;1\/4&#8243;][\/vc_column][vc_column width=&#8221;1\/2&#8243;][vc_column_text] Onze werkplaats is uitgerust om elke soort spiegel te kunnen ontwerpen, bewerken, klaarmaken en monteren (verschillende tinten of vormen, verouderd, verguld, geslepen randen enz.). Wij zorgen [&hellip;]<\/p>\n","protected":false},"author":1,"featured_media":0,"parent":1151,"menu_order":0,"comment_status":"closed","ping_status":"closed","template":"","meta":{"footnotes":""},"yoast_head":"<!-- This site is optimized with the Yoast SEO plugin v21.7 - https:\/\/yoast.com\/wordpress\/plugins\/seo\/ -->\n<title>Miroiterie Leys and Fils - R\u00e9alisations : miroirs<\/title>\n<meta name=\"description\" content=\"La Miroiterie Leys and Fils est \u00e9quip\u00e9 pour cr\u00e9er, travailler, pr\u00e9parer, assembler et installer tout type de miroirs.\" \/>\n<meta name=\"robots\" content=\"index, follow, max-snippet:-1, max-image-preview:large, max-video-preview:-1\" \/>\n<link rel=\"canonical\" href=\"https:\/\/miroiterieleys.be\/nl\/realisaties\/spiegels\/\" \/>\n<meta property=\"og:locale\" content=\"nl_NL\" \/>\n<meta property=\"og:type\" content=\"article\" \/>\n<meta property=\"og:title\" content=\"Miroiterie Leys and Fils - R\u00e9alisations : miroirs\" \/>\n<meta property=\"og:description\" content=\"La Miroiterie Leys and Fils est \u00e9quip\u00e9 pour cr\u00e9er, travailler, pr\u00e9parer, assembler et installer tout type de miroirs.\" \/>\n<meta property=\"og:url\" content=\"https:\/\/miroiterieleys.be\/nl\/realisaties\/spiegels\/\" \/>\n<meta property=\"og:site_name\" content=\"Leys and Fils\" \/>\n<meta property=\"article:modified_time\" content=\"2022-10-12T13:52:03+00:00\" \/>\n<meta name=\"twitter:card\" content=\"summary_large_image\" \/>\n<meta name=\"twitter:label1\" content=\"Geschatte leestijd\" \/>\n\t<meta name=\"twitter:data1\" content=\"1 minuut\" \/>\n<script type=\"application\/ld+json\" class=\"yoast-schema-graph\">{\"@context\":\"https:\/\/schema.org\",\"@graph\":[{\"@type\":\"WebPage\",\"@id\":\"https:\/\/miroiterieleys.be\/nl\/realisaties\/spiegels\/\",\"url\":\"https:\/\/miroiterieleys.be\/nl\/realisaties\/spiegels\/\",\"name\":\"Miroiterie Leys and Fils - R\u00e9alisations : miroirs\",\"isPartOf\":{\"@id\":\"https:\/\/miroiterieleys.be\/nl\/#website\"},\"datePublished\":\"2020-11-25T16:56:58+00:00\",\"dateModified\":\"2022-10-12T13:52:03+00:00\",\"description\":\"La Miroiterie Leys and Fils est \u00e9quip\u00e9 pour cr\u00e9er, travailler, pr\u00e9parer, assembler et installer tout type de miroirs.\",\"breadcrumb\":{\"@id\":\"https:\/\/miroiterieleys.be\/nl\/realisaties\/spiegels\/#breadcrumb\"},\"inLanguage\":\"nl-NL\",\"potentialAction\":[{\"@type\":\"ReadAction\",\"target\":[\"https:\/\/miroiterieleys.be\/nl\/realisaties\/spiegels\/\"]}]},{\"@type\":\"BreadcrumbList\",\"@id\":\"https:\/\/miroiterieleys.be\/nl\/realisaties\/spiegels\/#breadcrumb\",\"itemListElement\":[{\"@type\":\"ListItem\",\"position\":1,\"name\":\"Accueil\",\"item\":\"https:\/\/miroiterieleys.be\/nl\/\"},{\"@type\":\"ListItem\",\"position\":2,\"name\":\"REALISATIES\",\"item\":\"https:\/\/miroiterieleys.be\/nl\/realisaties\/\"},{\"@type\":\"ListItem\",\"position\":3,\"name\":\"Spiegels\"}]},{\"@type\":\"WebSite\",\"@id\":\"https:\/\/miroiterieleys.be\/nl\/#website\",\"url\":\"https:\/\/miroiterieleys.be\/nl\/\",\"name\":\"Leys and Fils\",\"description\":\"MIROITERIE J. LEYS &amp; FILS DEPUIS 1870\",\"potentialAction\":[{\"@type\":\"SearchAction\",\"target\":{\"@type\":\"EntryPoint\",\"urlTemplate\":\"https:\/\/miroiterieleys.be\/nl\/?s={search_term_string}\"},\"query-input\":\"required name=search_term_string\"}],\"inLanguage\":\"nl-NL\"}]}<\/script>\n<!-- \/ Yoast SEO plugin. -->","yoast_head_json":{"title":"Miroiterie Leys and Fils - R\u00e9alisations : miroirs","description":"La Miroiterie Leys and Fils est \u00e9quip\u00e9 pour cr\u00e9er, travailler, pr\u00e9parer, assembler et installer tout type de miroirs.","robots":{"index":"index","follow":"follow","max-snippet":"max-snippet:-1","max-image-preview":"max-image-preview:large","max-video-preview":"max-video-preview:-1"},"canonical":"https:\/\/miroiterieleys.be\/nl\/realisaties\/spiegels\/","og_locale":"nl_NL","og_type":"article","og_title":"Miroiterie Leys and Fils - R\u00e9alisations : miroirs","og_description":"La Miroiterie Leys and Fils est \u00e9quip\u00e9 pour cr\u00e9er, travailler, pr\u00e9parer, assembler et installer tout type de miroirs.","og_url":"https:\/\/miroiterieleys.be\/nl\/realisaties\/spiegels\/","og_site_name":"Leys and Fils","article_modified_time":"2022-10-12T13:52:03+00:00","twitter_card":"summary_large_image","twitter_misc":{"Geschatte leestijd":"1 minuut"},"schema":{"@context":"https:\/\/schema.org","@graph":[{"@type":"WebPage","@id":"https:\/\/miroiterieleys.be\/nl\/realisaties\/spiegels\/","url":"https:\/\/miroiterieleys.be\/nl\/realisaties\/spiegels\/","name":"Miroiterie Leys and Fils - R\u00e9alisations : miroirs","isPartOf":{"@id":"https:\/\/miroiterieleys.be\/nl\/#website"},"datePublished":"2020-11-25T16:56:58+00:00","dateModified":"2022-10-12T13:52:03+00:00","description":"La Miroiterie Leys and Fils est \u00e9quip\u00e9 pour cr\u00e9er, travailler, pr\u00e9parer, assembler et installer tout type de miroirs.","breadcrumb":{"@id":"https:\/\/miroiterieleys.be\/nl\/realisaties\/spiegels\/#breadcrumb"},"inLanguage":"nl-NL","potentialAction":[{"@type":"ReadAction","target":["https:\/\/miroiterieleys.be\/nl\/realisaties\/spiegels\/"]}]},{"@type":"BreadcrumbList","@id":"https:\/\/miroiterieleys.be\/nl\/realisaties\/spiegels\/#breadcrumb","itemListElement":[{"@type":"ListItem","position":1,"name":"Accueil","item":"https:\/\/miroiterieleys.be\/nl\/"},{"@type":"ListItem","position":2,"name":"REALISATIES","item":"https:\/\/miroiterieleys.be\/nl\/realisaties\/"},{"@type":"ListItem","position":3,"name":"Spiegels"}]},{"@type":"WebSite","@id":"https:\/\/miroiterieleys.be\/nl\/#website","url":"https:\/\/miroiterieleys.be\/nl\/","name":"Leys and Fils","description":"MIROITERIE J. LEYS &amp; FILS DEPUIS 1870","potentialAction":[{"@type":"SearchAction","target":{"@type":"EntryPoint","urlTemplate":"https:\/\/miroiterieleys.be\/nl\/?s={search_term_string}"},"query-input":"required name=search_term_string"}],"inLanguage":"nl-NL"}]}},"_links":{"self":[{"href":"https:\/\/miroiterieleys.be\/nl\/wp-json\/wp\/v2\/pages\/1159"}],"collection":[{"href":"https:\/\/miroiterieleys.be\/nl\/wp-json\/wp\/v2\/pages"}],"about":[{"href":"https:\/\/miroiterieleys.be\/nl\/wp-json\/wp\/v2\/types\/page"}],"author":[{"embeddable":true,"href":"https:\/\/miroiterieleys.be\/nl\/wp-json\/wp\/v2\/users\/1"}],"replies":[{"embeddable":true,"href":"https:\/\/miroiterieleys.be\/nl\/wp-json\/wp\/v2\/comments?post=1159"}],"version-history":[{"count":9,"href":"https:\/\/miroiterieleys.be\/nl\/wp-json\/wp\/v2\/pages\/1159\/revisions"}],"predecessor-version":[{"id":1953,"href":"https:\/\/miroiterieleys.be\/nl\/wp-json\/wp\/v2\/pages\/1159\/revisions\/1953"}],"up":[{"embeddable":true,"href":"https:\/\/miroiterieleys.be\/nl\/wp-json\/wp\/v2\/pages\/1151"}],"wp:attachment":[{"href":"https:\/\/miroiterieleys.be\/nl\/wp-json\/wp\/v2\/media?parent=1159"}],"curies":[{"name":"wp","href":"https:\/\/api.w.org\/{rel}","templated":true}]}}